{"id":2501,"date":"2024-02-19T04:13:29","date_gmt":"2024-02-19T04:13:29","guid":{"rendered":"https:\/\/evomobile.com.br\/?page_id=2501"},"modified":"2024-03-01T19:58:40","modified_gmt":"2024-03-01T19:58:40","slug":"trabalhe-conosco","status":"publish","type":"page","link":"https:\/\/evomobile.com.br\/?page_id=2501","title":{"rendered":"Trabalhe Conosco"},"content":{"rendered":"\t\t<div data-elementor-type=\"wp-page\" data-elementor-id=\"2501\" class=\"elementor elementor-2501\">\n\t\t\t\t\t\t<section class=\"elementor-section elementor-top-section elementor-element elementor-element-d9d67d2 elementor-section-boxed elementor-section-height-default elementor-section-height-default\" data-id=\"d9d67d2\" data-element_type=\"section\">\n\t\t\t\t\t\t<div class=\"elementor-container elementor-column-gap-default\">\n\t\t\t\t\t<div class=\"elementor-column elementor-col-50 elementor-top-column elementor-element elementor-element-0fcbb09\" data-id=\"0fcbb09\" data-element_type=\"column\">\n\t\t\t<div class=\"elementor-widget-wrap elementor-element-populated\">\n\t\t\t\t\t\t<div class=\"elementor-element elementor-element-84632d0 elementor-widget elementor-widget-tp-contact-form\" data-id=\"84632d0\" data-element_type=\"widget\" data-widget_type=\"tp-contact-form.default\">\n\t\t\t\t<div class=\"elementor-widget-container\">\n\t\t\t\n\t\t\n        <div class=\"tp-contact-form\">\n                        <h2 class=\"tp-contact-form-title\">Registro de Interesse  - RH Evo <\/h2>                        <p>Insira seus dados abaixo. Suas informa\u00e7\u00f5es estar\u00e3o protegidas pelas nossas diretrizes de privacidade de usu\u00e1rios, pautadas pela Lei Geral de Prote\u00e7\u00e3o aos Dados (LGPD - Lei n\u00b0 13.709\/2018). \nTodos os campos devem ser preenchidos para possibilitar o envio da mensagem. O campo de anexo aceita somente documentos DOC, DOCX e PDF. Caso voc\u00ea n\u00e3o possua um documento word de curriculum \u00e9 poss\u00edvel exportar um PDF a partir de seu perfil LinkedIn e inserir neste campo. Agradecemos pelo seu interesse, nosso departamento de Recursos Humanos ir\u00e1 retornar o contato caso abram novas vagas.<\/p>\n                                    \n<div class=\"wpcf7 no-js\" id=\"wpcf7-f2519-o1\" lang=\"en-US\" dir=\"ltr\">\n<div class=\"screen-reader-response\"><p role=\"status\" aria-live=\"polite\" aria-atomic=\"true\"><\/p> <ul><\/ul><\/div>\n<form action=\"\/index.php?rest_route=%2Fwp%2Fv2%2Fpages%2F2501#wpcf7-f2519-o1\" method=\"post\" class=\"wpcf7-form init\" aria-label=\"Contact form\" enctype=\"multipart\/form-data\" novalidate=\"novalidate\" data-status=\"init\">\n<div style=\"display: none;\">\n<input type=\"hidden\" name=\"_wpcf7\" value=\"2519\" \/>\n<input type=\"hidden\" name=\"_wpcf7_version\" value=\"5.8.7\" \/>\n<input type=\"hidden\" name=\"_wpcf7_locale\" value=\"en_US\" \/>\n<input type=\"hidden\" name=\"_wpcf7_unit_tag\" value=\"wpcf7-f2519-o1\" \/>\n<input type=\"hidden\" name=\"_wpcf7_container_post\" value=\"0\" \/>\n<input type=\"hidden\" name=\"_wpcf7_posted_data_hash\" value=\"\" \/>\n<input type=\"hidden\" name=\"_wpcf7_recaptcha_response\" value=\"\" \/>\n<\/div>\n<div class=\"row tp-gx-10\">\n   <div class=\"col-md-6\">\n      <div class=\"tp-contact-input\">\n         <span class=\"wpcf7-form-control-wrap\" data-name=\"your-name\"><input size=\"40\" class=\"wpcf7-form-control wpcf7-text wpcf7-validates-as-required\" aria-required=\"true\" aria-invalid=\"false\" placeholder=\"Nome\" value=\"\" type=\"text\" name=\"your-name\" \/><\/span>\n      <\/div>\n   <\/div>\n   <div class=\"col-md-6\">\n      <div class=\"tp-contact-input\">\n         <span class=\"wpcf7-form-control-wrap\" data-name=\"your-surname\"><input size=\"40\" class=\"wpcf7-form-control wpcf7-text wpcf7-validates-as-required\" aria-required=\"true\" aria-invalid=\"false\" placeholder=\"Sobrenome\" value=\"\" type=\"text\" name=\"your-surname\" \/><\/span>\n      <\/div>\n   <\/div>\n   <div class=\"col-md-6\">\n      <div class=\"tp-contact-input\">\n        <span class=\"wpcf7-form-control-wrap\" data-name=\"your-email\"><input size=\"40\" class=\"wpcf7-form-control wpcf7-email wpcf7-validates-as-required wpcf7-text wpcf7-validates-as-email\" aria-required=\"true\" aria-invalid=\"false\" placeholder=\"Email\" value=\"\" type=\"email\" name=\"your-email\" \/><\/span>\n      <\/div>\n   <\/div>\n   <div class=\"col-md-6\">\n      <div class=\"tp-contact-input\">\n         <span class=\"wpcf7-form-control-wrap\" data-name=\"telefone\"><input size=\"40\" class=\"wpcf7-form-control wpcf7-text wpcf7-validates-as-required\" aria-required=\"true\" aria-invalid=\"false\" placeholder=\"Telefone\" value=\"\" type=\"text\" name=\"telefone\" \/><\/span>\n      <\/div>\n   <\/div>\n   <div class=\"col-md-12\">\n      <div class=\"tp-contact-input\">\n         <span class=\"wpcf7-form-control-wrap\" data-name=\"textarea-577\"><textarea cols=\"40\" rows=\"10\" class=\"wpcf7-form-control wpcf7-textarea wpcf7-validates-as-required\" aria-required=\"true\" aria-invalid=\"false\" placeholder=\"Insira Sua Mensagem Aqui\" name=\"textarea-577\"><\/textarea><\/span>\n      <\/div>\n   <\/div>\n<div class=\"col-md-6\">\n      <div class=\"tp-contact-input\">\n         <h5>Cargo Pretendido<\/h5> <span class=\"wpcf7-form-control-wrap\" data-name=\"menu-833\"><select class=\"wpcf7-form-control wpcf7-select wpcf7-validates-as-required\" aria-required=\"true\" aria-invalid=\"false\" name=\"menu-833\"><option value=\"Comercial\">Comercial<\/option><option value=\"Atendimento\">Atendimento<\/option><option value=\"Qualidade\">Qualidade<\/option><option value=\"Back Office\">Back Office<\/option><option value=\"Outros\">Outros<\/option><\/select><\/span>\n      <\/div>\n   <\/div>\n<div class=\"col-md-6\">\n      <div class=\"none\">\n         <h5>Anexar Curr\u00edculum (Doc\/Docx\/Pdf)<\/h5> <span class=\"wpcf7-form-control-wrap\" data-name=\"file-777\"><input size=\"40\" class=\"wpcf7-form-control wpcf7-file wpcf7-validates-as-required\" accept=\".doc,.docx,.pdf\" aria-required=\"true\" aria-invalid=\"false\" type=\"file\" name=\"file-777\" \/><\/span>\n      <\/div>\n   <\/div>\n<div> <br> <\/div>\n<span id=\"wpcf7-69f4ea30eb3b6-wrapper\" class=\"wpcf7-form-control-wrap email-wrap\" style=\"display:none !important; visibility:hidden !important;\"><label for=\"wpcf7-69f4ea30eb3b6-field\" class=\"hp-message\">Please leave this field empty.<\/label><input id=\"wpcf7-69f4ea30eb3b6-field\"  class=\"wpcf7-form-control wpcf7-text\" type=\"text\" name=\"email\" value=\"\" size=\"40\" tabindex=\"-1\" autocomplete=\"new-password\" \/><\/span>\n   <div class=\"tp-contact-btn mt-10\">\n      <button type=\"submit\" class=\"tp-btn-square\">Enviar<\/button>\n   <\/div>\n<\/div><div class=\"wpcf7-response-output\" aria-hidden=\"true\"><\/div>\n<\/form>\n<\/div>\n            \t\n        <\/div>\n\t\t\t\n            <!-- contact input area start -->\n            <section class=\"tp-contact-input pt-100 ele-section d-none\">\n               <div class=\"container\">\n                  <div class=\"row justify-content-center\">\n                  <div class=\"col-lg-10\">\n                     <div class=\"tp-portfolio-2-section-title-wrapper text-center\">\n                                                                                             <\/div>\n                        <div class=\"tp-contact-from p-relative\" data-background=\"\">\n                           <div class=\"tp-brands-from-overlay\"><\/div>\n\n                                                       \n<div class=\"wpcf7 no-js\" id=\"wpcf7-f2519-o2\" lang=\"en-US\" dir=\"ltr\">\n<div class=\"screen-reader-response\"><p role=\"status\" aria-live=\"polite\" aria-atomic=\"true\"><\/p> <ul><\/ul><\/div>\n<form action=\"\/index.php?rest_route=%2Fwp%2Fv2%2Fpages%2F2501#wpcf7-f2519-o2\" method=\"post\" class=\"wpcf7-form init\" aria-label=\"Contact form\" enctype=\"multipart\/form-data\" novalidate=\"novalidate\" data-status=\"init\">\n<div style=\"display: none;\">\n<input type=\"hidden\" name=\"_wpcf7\" value=\"2519\" \/>\n<input type=\"hidden\" name=\"_wpcf7_version\" value=\"5.8.7\" \/>\n<input type=\"hidden\" name=\"_wpcf7_locale\" value=\"en_US\" \/>\n<input type=\"hidden\" name=\"_wpcf7_unit_tag\" value=\"wpcf7-f2519-o2\" \/>\n<input type=\"hidden\" name=\"_wpcf7_container_post\" value=\"0\" \/>\n<input type=\"hidden\" name=\"_wpcf7_posted_data_hash\" value=\"\" \/>\n<input type=\"hidden\" name=\"_wpcf7_recaptcha_response\" value=\"\" \/>\n<\/div>\n<div class=\"row tp-gx-10\">\n   <div class=\"col-md-6\">\n      <div class=\"tp-contact-input\">\n         <span class=\"wpcf7-form-control-wrap\" data-name=\"your-name\"><input size=\"40\" class=\"wpcf7-form-control wpcf7-text wpcf7-validates-as-required\" aria-required=\"true\" aria-invalid=\"false\" placeholder=\"Nome\" value=\"\" type=\"text\" name=\"your-name\" \/><\/span>\n      <\/div>\n   <\/div>\n   <div class=\"col-md-6\">\n      <div class=\"tp-contact-input\">\n         <span class=\"wpcf7-form-control-wrap\" data-name=\"your-surname\"><input size=\"40\" class=\"wpcf7-form-control wpcf7-text wpcf7-validates-as-required\" aria-required=\"true\" aria-invalid=\"false\" placeholder=\"Sobrenome\" value=\"\" type=\"text\" name=\"your-surname\" \/><\/span>\n      <\/div>\n   <\/div>\n   <div class=\"col-md-6\">\n      <div class=\"tp-contact-input\">\n        <span class=\"wpcf7-form-control-wrap\" data-name=\"your-email\"><input size=\"40\" class=\"wpcf7-form-control wpcf7-email wpcf7-validates-as-required wpcf7-text wpcf7-validates-as-email\" aria-required=\"true\" aria-invalid=\"false\" placeholder=\"Email\" value=\"\" type=\"email\" name=\"your-email\" \/><\/span>\n      <\/div>\n   <\/div>\n   <div class=\"col-md-6\">\n      <div class=\"tp-contact-input\">\n         <span class=\"wpcf7-form-control-wrap\" data-name=\"telefone\"><input size=\"40\" class=\"wpcf7-form-control wpcf7-text wpcf7-validates-as-required\" aria-required=\"true\" aria-invalid=\"false\" placeholder=\"Telefone\" value=\"\" type=\"text\" name=\"telefone\" \/><\/span>\n      <\/div>\n   <\/div>\n   <div class=\"col-md-12\">\n      <div class=\"tp-contact-input\">\n         <span class=\"wpcf7-form-control-wrap\" data-name=\"textarea-577\"><textarea cols=\"40\" rows=\"10\" class=\"wpcf7-form-control wpcf7-textarea wpcf7-validates-as-required\" aria-required=\"true\" aria-invalid=\"false\" placeholder=\"Insira Sua Mensagem Aqui\" name=\"textarea-577\"><\/textarea><\/span>\n      <\/div>\n   <\/div>\n<div class=\"col-md-6\">\n      <div class=\"tp-contact-input\">\n         <h5>Cargo Pretendido<\/h5> <span class=\"wpcf7-form-control-wrap\" data-name=\"menu-833\"><select class=\"wpcf7-form-control wpcf7-select wpcf7-validates-as-required\" aria-required=\"true\" aria-invalid=\"false\" name=\"menu-833\"><option value=\"Comercial\">Comercial<\/option><option value=\"Atendimento\">Atendimento<\/option><option value=\"Qualidade\">Qualidade<\/option><option value=\"Back Office\">Back Office<\/option><option value=\"Outros\">Outros<\/option><\/select><\/span>\n      <\/div>\n   <\/div>\n<div class=\"col-md-6\">\n      <div class=\"none\">\n         <h5>Anexar Curr\u00edculum (Doc\/Docx\/Pdf)<\/h5> <span class=\"wpcf7-form-control-wrap\" data-name=\"file-777\"><input size=\"40\" class=\"wpcf7-form-control wpcf7-file wpcf7-validates-as-required\" accept=\".doc,.docx,.pdf\" aria-required=\"true\" aria-invalid=\"false\" type=\"file\" name=\"file-777\" \/><\/span>\n      <\/div>\n   <\/div>\n<div> <br> <\/div>\n<span id=\"wpcf7-69f4ea30ec2e9-wrapper\" class=\"wpcf7-form-control-wrap email-wrap\" style=\"display:none !important; visibility:hidden !important;\"><label for=\"wpcf7-69f4ea30ec2e9-field\" class=\"hp-message\">Please leave this field empty.<\/label><input id=\"wpcf7-69f4ea30ec2e9-field\"  class=\"wpcf7-form-control wpcf7-text\" type=\"text\" name=\"email\" value=\"\" size=\"40\" tabindex=\"-1\" autocomplete=\"new-password\" \/><\/span>\n   <div class=\"tp-contact-btn mt-10\">\n      <button type=\"submit\" class=\"tp-btn-square\">Enviar<\/button>\n   <\/div>\n<\/div><div class=\"wpcf7-response-output\" aria-hidden=\"true\"><\/div>\n<\/form>\n<\/div>\n                            \t\n                              \n                           <\/div>\n                        <\/div>\n                     <\/div>\n                  <\/div>\n            <\/section>\n         <!-- contact input area end -->\n\n        \n        \t\t<\/div>\n\t\t\t\t<\/div>\n\t\t\t\t\t<\/div>\n\t\t<\/div>\n\t\t\t\t<div class=\"elementor-column elementor-col-50 elementor-top-column elementor-element elementor-element-cb993c2\" data-id=\"cb993c2\" data-element_type=\"column\">\n\t\t\t<div class=\"elementor-widget-wrap\">\n\t\t\t\t\t\t\t<\/div>\n\t\t<\/div>\n\t\t\t\t\t<\/div>\n\t\t<\/section>\n\t\t\t\t<\/div>\n\t\t","protected":false},"excerpt":{"rendered":"<p>Registro de Interesse &#8211; RH Evo Insira seus dados abaixo. Suas informa\u00e7\u00f5es estar\u00e3o protegidas pelas nossas diretrizes de privacidade de usu\u00e1rios, pautadas pela Lei Geral de Prote\u00e7\u00e3o aos Dados (LGPD &#8211; Lei n\u00b0 13.709\/2018). Todos os campos devem ser preenchidos para possibilitar o envio da mensagem. O campo de anexo aceita somente documentos DOC, DOCX [&hellip;]<\/p>\n","protected":false},"author":2,"featured_media":2528,"parent":0,"menu_order":0,"comment_status":"closed","ping_status":"closed","template":"elementor_header_footer","meta":{"footnotes":""},"class_list":["post-2501","page","type-page","status-publish","has-post-thumbnail","hentry"],"yoast_head":"<!-- This site is optimized with the Yoast SEO plugin v23.3 - https:\/\/yoast.com\/wordpress\/plugins\/seo\/ -->\n<title>Trabalhe Conosco - Evo | Solu\u00e7\u00f5es em Telecomunica\u00e7\u00e3o<\/title>\n<meta name=\"description\" content=\"Voc\u00ea j\u00e1 tem experi\u00eancia em departamentos comercial e atendimento p\u00f3s-vendas focado em B2B? ou Back Office focado em telefonia? Deixe seu CV conosco!\" \/>\n<meta name=\"robots\" content=\"index, follow, max-snippet:-1, max-image-preview:large, max-video-preview:-1\" \/>\n<link rel=\"canonical\" href=\"https:\/\/evomobile.com.br\/?page_id=2501\" \/>\n<meta property=\"og:locale\" content=\"pt_BR\" \/>\n<meta property=\"og:type\" content=\"article\" \/>\n<meta property=\"og:title\" content=\"Trabalhe Conosco - Evo | Solu\u00e7\u00f5es em Telecomunica\u00e7\u00e3o\" \/>\n<meta property=\"og:description\" content=\"Voc\u00ea j\u00e1 tem experi\u00eancia em departamentos comercial e atendimento p\u00f3s-vendas focado em B2B? ou Back Office focado em telefonia? Deixe seu CV conosco!\" \/>\n<meta property=\"og:url\" content=\"https:\/\/evomobile.com.br\/?page_id=2501\" \/>\n<meta property=\"og:site_name\" content=\"EVO Mobile\" \/>\n<meta property=\"article:modified_time\" content=\"2024-03-01T19:58:40+00:00\" \/>\n<meta property=\"og:image\" content=\"https:\/\/evomobile.com.br\/wp-content\/uploads\/2024\/02\/EVO-bg-trabalhe-conosco2-100-scaled.jpg\" \/>\n\t<meta property=\"og:image:width\" content=\"2560\" \/>\n\t<meta property=\"og:image:height\" content=\"633\" \/>\n\t<meta property=\"og:image:type\" content=\"image\/jpeg\" \/>\n<meta name=\"twitter:card\" content=\"summary_large_image\" \/>\n<meta name=\"twitter:label1\" content=\"Est. tempo de leitura\" \/>\n\t<meta name=\"twitter:data1\" content=\"1 minuto\" \/>\n<script type=\"application\/ld+json\" class=\"yoast-schema-graph\">{\"@context\":\"https:\/\/schema.org\",\"@graph\":[{\"@type\":\"WebPage\",\"@id\":\"https:\/\/evomobile.com.br\/?page_id=2501\",\"url\":\"https:\/\/evomobile.com.br\/?page_id=2501\",\"name\":\"Trabalhe Conosco - Evo | Solu\u00e7\u00f5es em Telecomunica\u00e7\u00e3o\",\"isPartOf\":{\"@id\":\"https:\/\/evomobile.com.br\/#website\"},\"primaryImageOfPage\":{\"@id\":\"https:\/\/evomobile.com.br\/?page_id=2501#primaryimage\"},\"image\":{\"@id\":\"https:\/\/evomobile.com.br\/?page_id=2501#primaryimage\"},\"thumbnailUrl\":\"https:\/\/evomobile.com.br\/wp-content\/uploads\/2024\/02\/EVO-bg-trabalhe-conosco2-100-scaled.jpg\",\"datePublished\":\"2024-02-19T04:13:29+00:00\",\"dateModified\":\"2024-03-01T19:58:40+00:00\",\"description\":\"Voc\u00ea j\u00e1 tem experi\u00eancia em departamentos comercial e atendimento p\u00f3s-vendas focado em B2B? ou Back Office focado em telefonia? Deixe seu CV conosco!\",\"breadcrumb\":{\"@id\":\"https:\/\/evomobile.com.br\/?page_id=2501#breadcrumb\"},\"inLanguage\":\"pt-BR\",\"potentialAction\":[{\"@type\":\"ReadAction\",\"target\":[\"https:\/\/evomobile.com.br\/?page_id=2501\"]}]},{\"@type\":\"ImageObject\",\"inLanguage\":\"pt-BR\",\"@id\":\"https:\/\/evomobile.com.br\/?page_id=2501#primaryimage\",\"url\":\"https:\/\/evomobile.com.br\/wp-content\/uploads\/2024\/02\/EVO-bg-trabalhe-conosco2-100-scaled.jpg\",\"contentUrl\":\"https:\/\/evomobile.com.br\/wp-content\/uploads\/2024\/02\/EVO-bg-trabalhe-conosco2-100-scaled.jpg\",\"width\":2560,\"height\":633},{\"@type\":\"BreadcrumbList\",\"@id\":\"https:\/\/evomobile.com.br\/?page_id=2501#breadcrumb\",\"itemListElement\":[{\"@type\":\"ListItem\",\"position\":1,\"name\":\"In\u00edcio\",\"item\":\"https:\/\/evomobile.com.br\/\"},{\"@type\":\"ListItem\",\"position\":2,\"name\":\"Trabalhe Conosco\"}]},{\"@type\":\"WebSite\",\"@id\":\"https:\/\/evomobile.com.br\/#website\",\"url\":\"https:\/\/evomobile.com.br\/\",\"name\":\"EVO\",\"description\":\"Servi\u00e7os de Telefonia - Parceiro Autorizado Vivo Empresas\",\"publisher\":{\"@id\":\"https:\/\/evomobile.com.br\/#organization\"},\"potentialAction\":[{\"@type\":\"SearchAction\",\"target\":{\"@type\":\"EntryPoint\",\"urlTemplate\":\"https:\/\/evomobile.com.br\/?s={search_term_string}\"},\"query-input\":\"required name=search_term_string\"}],\"inLanguage\":\"pt-BR\"},{\"@type\":\"Organization\",\"@id\":\"https:\/\/evomobile.com.br\/#organization\",\"name\":\"EVO Mobile\",\"url\":\"https:\/\/evomobile.com.br\/\",\"logo\":{\"@type\":\"ImageObject\",\"inLanguage\":\"pt-BR\",\"@id\":\"https:\/\/evomobile.com.br\/#\/schema\/logo\/image\/\",\"url\":\"https:\/\/evomobile.com.br\/wp-content\/uploads\/2024\/02\/EVO-Prancheta-1-copia-4.png\",\"contentUrl\":\"https:\/\/evomobile.com.br\/wp-content\/uploads\/2024\/02\/EVO-Prancheta-1-copia-4.png\",\"width\":182,\"height\":102,\"caption\":\"EVO Mobile\"},\"image\":{\"@id\":\"https:\/\/evomobile.com.br\/#\/schema\/logo\/image\/\"}}]}<\/script>\n<!-- \/ Yoast SEO plugin. -->","yoast_head_json":{"title":"Trabalhe Conosco - Evo | Solu\u00e7\u00f5es em Telecomunica\u00e7\u00e3o","description":"Voc\u00ea j\u00e1 tem experi\u00eancia em departamentos comercial e atendimento p\u00f3s-vendas focado em B2B? ou Back Office focado em telefonia? Deixe seu CV conosco!","robots":{"index":"index","follow":"follow","max-snippet":"max-snippet:-1","max-image-preview":"max-image-preview:large","max-video-preview":"max-video-preview:-1"},"canonical":"https:\/\/evomobile.com.br\/?page_id=2501","og_locale":"pt_BR","og_type":"article","og_title":"Trabalhe Conosco - Evo | Solu\u00e7\u00f5es em Telecomunica\u00e7\u00e3o","og_description":"Voc\u00ea j\u00e1 tem experi\u00eancia em departamentos comercial e atendimento p\u00f3s-vendas focado em B2B? ou Back Office focado em telefonia? Deixe seu CV conosco!","og_url":"https:\/\/evomobile.com.br\/?page_id=2501","og_site_name":"EVO Mobile","article_modified_time":"2024-03-01T19:58:40+00:00","og_image":[{"width":2560,"height":633,"url":"https:\/\/evomobile.com.br\/wp-content\/uploads\/2024\/02\/EVO-bg-trabalhe-conosco2-100-scaled.jpg","type":"image\/jpeg"}],"twitter_card":"summary_large_image","twitter_misc":{"Est. tempo de leitura":"1 minuto"},"schema":{"@context":"https:\/\/schema.org","@graph":[{"@type":"WebPage","@id":"https:\/\/evomobile.com.br\/?page_id=2501","url":"https:\/\/evomobile.com.br\/?page_id=2501","name":"Trabalhe Conosco - Evo | Solu\u00e7\u00f5es em Telecomunica\u00e7\u00e3o","isPartOf":{"@id":"https:\/\/evomobile.com.br\/#website"},"primaryImageOfPage":{"@id":"https:\/\/evomobile.com.br\/?page_id=2501#primaryimage"},"image":{"@id":"https:\/\/evomobile.com.br\/?page_id=2501#primaryimage"},"thumbnailUrl":"https:\/\/evomobile.com.br\/wp-content\/uploads\/2024\/02\/EVO-bg-trabalhe-conosco2-100-scaled.jpg","datePublished":"2024-02-19T04:13:29+00:00","dateModified":"2024-03-01T19:58:40+00:00","description":"Voc\u00ea j\u00e1 tem experi\u00eancia em departamentos comercial e atendimento p\u00f3s-vendas focado em B2B? ou Back Office focado em telefonia? Deixe seu CV conosco!","breadcrumb":{"@id":"https:\/\/evomobile.com.br\/?page_id=2501#breadcrumb"},"inLanguage":"pt-BR","potentialAction":[{"@type":"ReadAction","target":["https:\/\/evomobile.com.br\/?page_id=2501"]}]},{"@type":"ImageObject","inLanguage":"pt-BR","@id":"https:\/\/evomobile.com.br\/?page_id=2501#primaryimage","url":"https:\/\/evomobile.com.br\/wp-content\/uploads\/2024\/02\/EVO-bg-trabalhe-conosco2-100-scaled.jpg","contentUrl":"https:\/\/evomobile.com.br\/wp-content\/uploads\/2024\/02\/EVO-bg-trabalhe-conosco2-100-scaled.jpg","width":2560,"height":633},{"@type":"BreadcrumbList","@id":"https:\/\/evomobile.com.br\/?page_id=2501#breadcrumb","itemListElement":[{"@type":"ListItem","position":1,"name":"In\u00edcio","item":"https:\/\/evomobile.com.br\/"},{"@type":"ListItem","position":2,"name":"Trabalhe Conosco"}]},{"@type":"WebSite","@id":"https:\/\/evomobile.com.br\/#website","url":"https:\/\/evomobile.com.br\/","name":"EVO","description":"Servi\u00e7os de Telefonia - Parceiro Autorizado Vivo Empresas","publisher":{"@id":"https:\/\/evomobile.com.br\/#organization"},"potentialAction":[{"@type":"SearchAction","target":{"@type":"EntryPoint","urlTemplate":"https:\/\/evomobile.com.br\/?s={search_term_string}"},"query-input":"required name=search_term_string"}],"inLanguage":"pt-BR"},{"@type":"Organization","@id":"https:\/\/evomobile.com.br\/#organization","name":"EVO Mobile","url":"https:\/\/evomobile.com.br\/","logo":{"@type":"ImageObject","inLanguage":"pt-BR","@id":"https:\/\/evomobile.com.br\/#\/schema\/logo\/image\/","url":"https:\/\/evomobile.com.br\/wp-content\/uploads\/2024\/02\/EVO-Prancheta-1-copia-4.png","contentUrl":"https:\/\/evomobile.com.br\/wp-content\/uploads\/2024\/02\/EVO-Prancheta-1-copia-4.png","width":182,"height":102,"caption":"EVO Mobile"},"image":{"@id":"https:\/\/evomobile.com.br\/#\/schema\/logo\/image\/"}}]}},"_links":{"self":[{"href":"https:\/\/evomobile.com.br\/index.php?rest_route=\/wp\/v2\/pages\/2501","targetHints":{"allow":["GET"]}}],"collection":[{"href":"https:\/\/evomobile.com.br\/index.php?rest_route=\/wp\/v2\/pages"}],"about":[{"href":"https:\/\/evomobile.com.br\/index.php?rest_route=\/wp\/v2\/types\/page"}],"author":[{"embeddable":true,"href":"https:\/\/evomobile.com.br\/index.php?rest_route=\/wp\/v2\/users\/2"}],"replies":[{"embeddable":true,"href":"https:\/\/evomobile.com.br\/index.php?rest_route=%2Fwp%2Fv2%2Fcomments&post=2501"}],"version-history":[{"count":47,"href":"https:\/\/evomobile.com.br\/index.php?rest_route=\/wp\/v2\/pages\/2501\/revisions"}],"predecessor-version":[{"id":2759,"href":"https:\/\/evomobile.com.br\/index.php?rest_route=\/wp\/v2\/pages\/2501\/revisions\/2759"}],"wp:featuredmedia":[{"embeddable":true,"href":"https:\/\/evomobile.com.br\/index.php?rest_route=\/wp\/v2\/media\/2528"}],"wp:attachment":[{"href":"https:\/\/evomobile.com.br\/index.php?rest_route=%2Fwp%2Fv2%2Fmedia&parent=2501"}],"curies":[{"name":"wp","href":"https:\/\/api.w.org\/{rel}","templated":true}]}}