{"id":3,"date":"2021-10-14T20:14:30","date_gmt":"2021-10-14T20:14:30","guid":{"rendered":"https:\/\/evomobile.com.br\/?page_id=3"},"modified":"2024-03-01T19:55:15","modified_gmt":"2024-03-01T19:55:15","slug":"privacy-policy-2","status":"publish","type":"page","link":"https:\/\/evomobile.com.br\/?page_id=3","title":{"rendered":"Pol\u00edtica de Privacidade"},"content":{"rendered":"<h2><span style=\"color: #444444;\">Pol\u00edtica de Privacidade<\/span><\/h2>\n<p><span style=\"color: #444444;\"><br \/>\nA sua privacidade \u00e9 importante para n\u00f3s. \u00c9 pol\u00edtica da <strong>Evo Mobile &#8211; Servi\u00e7os de Telefonia<\/strong> respeitar a sua privacidade em rela\u00e7\u00e3o a qualquer informa\u00e7\u00e3o sua que possamos coletar no <strong>site<\/strong> <strong><a href=\"evomobile.com.br\">Evo Mobile &#8211; Servi\u00e7os de Telefonia<\/a><\/strong>, e outros sites que possu\u00edmos e operamos.<\/span><\/p>\n<p><span style=\"color: #444444;\">Solicitamos informa\u00e7\u00f5es pessoais apenas quando realmente precisamos delas para lhe fornecer um servi\u00e7o. Fazemo-lo por meios justos e legais, com o seu conhecimento e consentimento. Tamb\u00e9m informamos por que estamos coletando e como ser\u00e1 usado, atuando sempre de acordo com a <strong>Lei Geral de Prote\u00e7\u00e3o aos Dados (LGPD &#8211; Lei n\u00b0 13.709\/2018)<\/strong> que regula a utiliza\u00e7\u00e3o de dados pessoais por empresas ao estabelecer diretrizes de prote\u00e7\u00e3o, privacidade, transpar\u00eancia e tratamento adequado dos mesmos.<\/span><\/p>\n<p><span style=\"color: #444444;\">Diante disso, apenas retemos as informa\u00e7\u00f5es coletadas pelo tempo necess\u00e1rio para fornecer o servi\u00e7o solicitado. Quando armazenamos dados, protegemos dentro de meios comercialmente aceit\u00e1veis \u200b\u200bpara evitar perdas e roubos, bem como acesso, divulga\u00e7\u00e3o, c\u00f3pia, uso ou modifica\u00e7\u00e3o n\u00e3o autorizados.<\/span><\/p>\n<p><span style=\"color: #444444;\">N\u00e3o compartilhamos informa\u00e7\u00f5es de identifica\u00e7\u00e3o pessoal publicamente ou com terceiros, exceto quando exigido por lei.<\/span><\/p>\n<p><span style=\"color: #444444;\">O nosso site pode ter links para sites externos que n\u00e3o s\u00e3o operados por n\u00f3s. Esteja ciente de que n\u00e3o temos controle sobre o conte\u00fado e pr\u00e1ticas desses sites e n\u00e3o podemos aceitar responsabilidade por suas respectivas\u00a0<\/span>pol\u00edticas de privacidade<span style=\"color: #444444;\">.<\/span><\/p>\n<p><span style=\"color: #444444;\">Voc\u00ea \u00e9 livre para recusar a nossa solicita\u00e7\u00e3o de informa\u00e7\u00f5es pessoais, entendendo que talvez n\u00e3o possamos fornecer alguns dos servi\u00e7os desejados.<\/span><\/p>\n<p><span style=\"color: #444444;\">O uso continuado de nosso site ser\u00e1 considerado como aceita\u00e7\u00e3o de nossas pr\u00e1ticas em torno de privacidade e informa\u00e7\u00f5es pessoais. Se voc\u00ea tiver alguma d\u00favida sobre como lidamos com dados do usu\u00e1rio e informa\u00e7\u00f5es pessoais ou desejar remover qualquer dado seu que j\u00e1 tenha sido enviado para nossa base de dados, <a href=\"mailto:atendimento@evomobile.com.br\"><strong>entre em contacto conosco<\/strong><\/a>.<\/span><\/p>\n<h3><span style=\"color: #444444;\">Mais informa\u00e7\u00f5es<br \/>\n<\/span><\/h3>\n<p><span style=\"color: #444444;\"><br \/>\nEsperemos que esteja esclarecido e, como mencionado anteriormente, se houver algo que voc\u00ea n\u00e3o tem certeza se precisa ou n\u00e3o, geralmente \u00e9 mais seguro deixar os cookies ativados, caso interaja com um dos recursos que voc\u00ea usa em nosso site.<\/span><\/p>\n<p><span style=\"color: #444444;\">Esta pol\u00edtica \u00e9 efetiva a partir do dia 1 de Janeiro de 2024<\/span><\/p>\n","protected":false},"excerpt":{"rendered":"<p>Pol\u00edtica de Privacidade A sua privacidade \u00e9 importante para n\u00f3s. \u00c9 pol\u00edtica da Evo Mobile &#8211; Servi\u00e7os de Telefonia respeitar a sua privacidade em rela\u00e7\u00e3o a qualquer informa\u00e7\u00e3o sua que possamos coletar no site Evo Mobile &#8211; Servi\u00e7os de Telefonia, e outros sites que possu\u00edmos e operamos. Solicitamos informa\u00e7\u00f5es pessoais apenas quando realmente precisamos delas [&hellip;]<\/p>\n","protected":false},"author":1,"featured_media":0,"parent":0,"menu_order":0,"comment_status":"closed","ping_status":"open","template":"","meta":{"footnotes":""},"class_list":["post-3","page","type-page","status-publish","hentry"],"yoast_head":"<!-- This site is optimized with the Yoast SEO plugin v23.3 - https:\/\/yoast.com\/wordpress\/plugins\/seo\/ -->\n<title>Pol\u00edtica de Privacidade - Evo | Solu\u00e7\u00f5es em Telecomunica\u00e7\u00f5es<\/title>\n<meta name=\"robots\" content=\"noindex, nofollow\" \/>\n<meta property=\"og:locale\" content=\"pt_BR\" \/>\n<meta property=\"og:type\" content=\"article\" \/>\n<meta property=\"og:title\" content=\"Pol\u00edtica de Privacidade - Evo | Solu\u00e7\u00f5es em Telecomunica\u00e7\u00f5es\" \/>\n<meta property=\"og:description\" content=\"Pol\u00edtica de Privacidade A sua privacidade \u00e9 importante para n\u00f3s. \u00c9 pol\u00edtica da Evo Mobile &#8211; Servi\u00e7os de Telefonia respeitar a sua privacidade em rela\u00e7\u00e3o a qualquer informa\u00e7\u00e3o sua que possamos coletar no site Evo Mobile &#8211; Servi\u00e7os de Telefonia, e outros sites que possu\u00edmos e operamos. Solicitamos informa\u00e7\u00f5es pessoais apenas quando realmente precisamos delas [&hellip;]\" \/>\n<meta property=\"og:url\" content=\"https:\/\/evomobile.com.br\/?page_id=3\" \/>\n<meta property=\"og:site_name\" content=\"EVO Mobile\" \/>\n<meta property=\"article:modified_time\" content=\"2024-03-01T19:55:15+00:00\" \/>\n<meta name=\"twitter:card\" content=\"summary_large_image\" \/>\n<meta name=\"twitter:label1\" content=\"Est. tempo de leitura\" \/>\n\t<meta name=\"twitter:data1\" content=\"2 minutos\" \/>\n<script type=\"application\/ld+json\" class=\"yoast-schema-graph\">{\"@context\":\"https:\/\/schema.org\",\"@graph\":[{\"@type\":\"WebPage\",\"@id\":\"https:\/\/evomobile.com.br\/?page_id=3\",\"url\":\"https:\/\/evomobile.com.br\/?page_id=3\",\"name\":\"Pol\u00edtica de Privacidade - Evo | Solu\u00e7\u00f5es em Telecomunica\u00e7\u00f5es\",\"isPartOf\":{\"@id\":\"https:\/\/evomobile.com.br\/#website\"},\"datePublished\":\"2021-10-14T20:14:30+00:00\",\"dateModified\":\"2024-03-01T19:55:15+00:00\",\"breadcrumb\":{\"@id\":\"https:\/\/evomobile.com.br\/?page_id=3#breadcrumb\"},\"inLanguage\":\"pt-BR\",\"potentialAction\":[{\"@type\":\"ReadAction\",\"target\":[\"https:\/\/evomobile.com.br\/?page_id=3\"]}]},{\"@type\":\"BreadcrumbList\",\"@id\":\"https:\/\/evomobile.com.br\/?page_id=3#breadcrumb\",\"itemListElement\":[{\"@type\":\"ListItem\",\"position\":1,\"name\":\"In\u00edcio\",\"item\":\"https:\/\/evomobile.com.br\/\"},{\"@type\":\"ListItem\",\"position\":2,\"name\":\"Pol\u00edtica de Privacidade\"}]},{\"@type\":\"WebSite\",\"@id\":\"https:\/\/evomobile.com.br\/#website\",\"url\":\"https:\/\/evomobile.com.br\/\",\"name\":\"EVO\",\"description\":\"Servi\u00e7os de Telefonia - Parceiro Autorizado Vivo Empresas\",\"publisher\":{\"@id\":\"https:\/\/evomobile.com.br\/#organization\"},\"potentialAction\":[{\"@type\":\"SearchAction\",\"target\":{\"@type\":\"EntryPoint\",\"urlTemplate\":\"https:\/\/evomobile.com.br\/?s={search_term_string}\"},\"query-input\":\"required name=search_term_string\"}],\"inLanguage\":\"pt-BR\"},{\"@type\":\"Organization\",\"@id\":\"https:\/\/evomobile.com.br\/#organization\",\"name\":\"EVO Mobile\",\"url\":\"https:\/\/evomobile.com.br\/\",\"logo\":{\"@type\":\"ImageObject\",\"inLanguage\":\"pt-BR\",\"@id\":\"https:\/\/evomobile.com.br\/#\/schema\/logo\/image\/\",\"url\":\"https:\/\/evomobile.com.br\/wp-content\/uploads\/2024\/02\/EVO-Prancheta-1-copia-4.png\",\"contentUrl\":\"https:\/\/evomobile.com.br\/wp-content\/uploads\/2024\/02\/EVO-Prancheta-1-copia-4.png\",\"width\":182,\"height\":102,\"caption\":\"EVO Mobile\"},\"image\":{\"@id\":\"https:\/\/evomobile.com.br\/#\/schema\/logo\/image\/\"}}]}<\/script>\n<!-- \/ Yoast SEO plugin. -->","yoast_head_json":{"title":"Pol\u00edtica de Privacidade - Evo | Solu\u00e7\u00f5es em Telecomunica\u00e7\u00f5es","robots":{"index":"noindex","follow":"nofollow"},"og_locale":"pt_BR","og_type":"article","og_title":"Pol\u00edtica de Privacidade - Evo | Solu\u00e7\u00f5es em Telecomunica\u00e7\u00f5es","og_description":"Pol\u00edtica de Privacidade A sua privacidade \u00e9 importante para n\u00f3s. \u00c9 pol\u00edtica da Evo Mobile &#8211; Servi\u00e7os de Telefonia respeitar a sua privacidade em rela\u00e7\u00e3o a qualquer informa\u00e7\u00e3o sua que possamos coletar no site Evo Mobile &#8211; Servi\u00e7os de Telefonia, e outros sites que possu\u00edmos e operamos. Solicitamos informa\u00e7\u00f5es pessoais apenas quando realmente precisamos delas [&hellip;]","og_url":"https:\/\/evomobile.com.br\/?page_id=3","og_site_name":"EVO Mobile","article_modified_time":"2024-03-01T19:55:15+00:00","twitter_card":"summary_large_image","twitter_misc":{"Est. tempo de leitura":"2 minutos"},"schema":{"@context":"https:\/\/schema.org","@graph":[{"@type":"WebPage","@id":"https:\/\/evomobile.com.br\/?page_id=3","url":"https:\/\/evomobile.com.br\/?page_id=3","name":"Pol\u00edtica de Privacidade - Evo | Solu\u00e7\u00f5es em Telecomunica\u00e7\u00f5es","isPartOf":{"@id":"https:\/\/evomobile.com.br\/#website"},"datePublished":"2021-10-14T20:14:30+00:00","dateModified":"2024-03-01T19:55:15+00:00","breadcrumb":{"@id":"https:\/\/evomobile.com.br\/?page_id=3#breadcrumb"},"inLanguage":"pt-BR","potentialAction":[{"@type":"ReadAction","target":["https:\/\/evomobile.com.br\/?page_id=3"]}]},{"@type":"BreadcrumbList","@id":"https:\/\/evomobile.com.br\/?page_id=3#breadcrumb","itemListElement":[{"@type":"ListItem","position":1,"name":"In\u00edcio","item":"https:\/\/evomobile.com.br\/"},{"@type":"ListItem","position":2,"name":"Pol\u00edtica de Privacidade"}]},{"@type":"WebSite","@id":"https:\/\/evomobile.com.br\/#website","url":"https:\/\/evomobile.com.br\/","name":"EVO","description":"Servi\u00e7os de Telefonia - Parceiro Autorizado Vivo Empresas","publisher":{"@id":"https:\/\/evomobile.com.br\/#organization"},"potentialAction":[{"@type":"SearchAction","target":{"@type":"EntryPoint","urlTemplate":"https:\/\/evomobile.com.br\/?s={search_term_string}"},"query-input":"required name=search_term_string"}],"inLanguage":"pt-BR"},{"@type":"Organization","@id":"https:\/\/evomobile.com.br\/#organization","name":"EVO Mobile","url":"https:\/\/evomobile.com.br\/","logo":{"@type":"ImageObject","inLanguage":"pt-BR","@id":"https:\/\/evomobile.com.br\/#\/schema\/logo\/image\/","url":"https:\/\/evomobile.com.br\/wp-content\/uploads\/2024\/02\/EVO-Prancheta-1-copia-4.png","contentUrl":"https:\/\/evomobile.com.br\/wp-content\/uploads\/2024\/02\/EVO-Prancheta-1-copia-4.png","width":182,"height":102,"caption":"EVO Mobile"},"image":{"@id":"https:\/\/evomobile.com.br\/#\/schema\/logo\/image\/"}}]}},"_links":{"self":[{"href":"https:\/\/evomobile.com.br\/index.php?rest_route=\/wp\/v2\/pages\/3","targetHints":{"allow":["GET"]}}],"collection":[{"href":"https:\/\/evomobile.com.br\/index.php?rest_route=\/wp\/v2\/pages"}],"about":[{"href":"https:\/\/evomobile.com.br\/index.php?rest_route=\/wp\/v2\/types\/page"}],"author":[{"embeddable":true,"href":"https:\/\/evomobile.com.br\/index.php?rest_route=\/wp\/v2\/users\/1"}],"replies":[{"embeddable":true,"href":"https:\/\/evomobile.com.br\/index.php?rest_route=%2Fwp%2Fv2%2Fcomments&post=3"}],"version-history":[{"count":15,"href":"https:\/\/evomobile.com.br\/index.php?rest_route=\/wp\/v2\/pages\/3\/revisions"}],"predecessor-version":[{"id":2754,"href":"https:\/\/evomobile.com.br\/index.php?rest_route=\/wp\/v2\/pages\/3\/revisions\/2754"}],"wp:attachment":[{"href":"https:\/\/evomobile.com.br\/index.php?rest_route=%2Fwp%2Fv2%2Fmedia&parent=3"}],"curies":[{"name":"wp","href":"https:\/\/api.w.org\/{rel}","templated":true}]}}